{"id":250,"date":"2022-05-18T13:59:39","date_gmt":"2022-05-18T13:59:39","guid":{"rendered":"https:\/\/projetoartepara.com.br\/?page_id=250"},"modified":"2022-07-17T12:53:53","modified_gmt":"2022-07-17T12:53:53","slug":"250-2","status":"publish","type":"page","link":"https:\/\/projetoartepara.com.br\/?page_id=250","title":{"rendered":""},"content":{"rendered":"\n<p>ACESSE O REGULAMENTO <strong><a href=\"https:\/\/drive.google.com\/file\/d\/1EbKo9dZp2w5yfi_jTaZwkXKMomyl0blP\/view?usp=sharing\" target=\"_blank\" rel=\"noreferrer noopener\" title=\"AQUI\">AQUI<\/a><\/strong><\/p>\n\n\n\n<p>INSCRI\u00c7\u00d5ES<\/p>\n\n\n\n<p>As inscri\u00e7\u00f5es acontecem entre 18 de maio e se estende at\u00e9 as 23h59min do dia 16 de julho de 2022.<\/p>\n\n\n\n<p>CRONOGRAMA<br>Inscri\u00e7\u00f5es<br>At\u00e9 16 de julho \u00e0s 23 horas e 59 minutos<\/p>\n\n\n\n<p>Per\u00edodo de avalia\u00e7\u00e3o dos trabalhos inscritos e portf\u00f3lios pela comiss\u00e3o de sele\u00e7\u00e3o<br>25 a 27 de julho de 2022<\/p>\n\n\n\n<p>Divulga\u00e7\u00e3o dos artistas selecionados<br>30 de julho de 2022<\/p>\n\n\n\n<p>Recep\u00e7\u00e3o das obras na Casa das Onze Janelas<br>01 de agosto a 31 de agosto de 2022 at\u00e9 as 16h00<\/p>\n\n\n\n<p>Forma\u00e7\u00e3o mediadores 2022<br>30 de julho a 28 de agosto<\/p>\n\n\n\n<p>Montagem do Arte Par\u00e1<br>Na Galeria Fidanza &#8211; de 19 a 20 de setembro de 2022<br>No Espa\u00e7o Cultural Casa das Onze Janelas &#8211; de 12 a 20 de setembro<\/p>\n\n\n\n<p>Abertura<br>Na Galeria Fidanza &#8211; 29 de setembro &#8211; Mostra de artistas convidados &#8211; \u00e0s 10h30<br>No Espa\u00e7o Cultural Casa das Onze Janelas &#8211; 22 de setembro &#8211; Mostra Nacional e premia\u00e7\u00e3o dos cinco selecionados &#8211; \u00e0s 20h.<\/p>\n\n\n\n<p>D\u00daVIDAS<\/p>\n\n\n\n<p>edital@projetoartepara.com.br<\/p>\n","protected":false},"excerpt":{"rendered":"<p>ACESSE O REGULAMENTO AQUI INSCRI\u00c7\u00d5ES As inscri\u00e7\u00f5es acontecem entre 18 de maio e se estende at\u00e9 as 23h59min do dia 16 de julho de 2022. CRONOGRAMAInscri\u00e7\u00f5esAt\u00e9 16 de julho \u00e0s 23 horas e 59 minutos Per\u00edodo de avalia\u00e7\u00e3o dos trabalhos inscritos e portf\u00f3lios pela comiss\u00e3o de sele\u00e7\u00e3o25 a 27 de julho de 2022 Divulga\u00e7\u00e3o dos &hellip;<\/p>\n<p class=\"read-more\"> <a class=\"\" href=\"https:\/\/projetoartepara.com.br\/?page_id=250\">  Read More &raquo;<\/a><\/p>\n","protected":false},"author":1,"featured_media":0,"parent":0,"menu_order":0,"comment_status":"closed","ping_status":"closed","template":"","meta":{"om_disable_all_campaigns":false,"_monsterinsights_skip_tracking":false,"_monsterinsights_sitenote_active":false,"_monsterinsights_sitenote_note":"","_monsterinsights_sitenote_category":0,"site-sidebar-layout":"default","site-content-layout":"default","ast-global-header-display":"","ast-banner-title-visibility":"","ast-main-header-display":"","ast-hfb-above-header-display":"","ast-hfb-below-header-display":"","ast-hfb-mobile-header-display":"","site-post-title":"","ast-breadcrumbs-content":"","ast-featured-img":"","footer-sml-layout":"","theme-transparent-header-meta":"","adv-header-id-meta":"","stick-header-meta":"","header-above-stick-meta":"","header-main-stick-meta":"","header-below-stick-meta":""},"_links":{"self":[{"href":"https:\/\/projetoartepara.com.br\/index.php?rest_route=\/wp\/v2\/pages\/250"}],"collection":[{"href":"https:\/\/projetoartepara.com.br\/index.php?rest_route=\/wp\/v2\/pages"}],"about":[{"href":"https:\/\/projetoartepara.com.br\/index.php?rest_route=\/wp\/v2\/types\/page"}],"author":[{"embeddable":true,"href":"https:\/\/projetoartepara.com.br\/index.php?rest_route=\/wp\/v2\/users\/1"}],"replies":[{"embeddable":true,"href":"https:\/\/projetoartepara.com.br\/index.php?rest_route=%2Fwp%2Fv2%2Fcomments&post=250"}],"version-history":[{"count":13,"href":"https:\/\/projetoartepara.com.br\/index.php?rest_route=\/wp\/v2\/pages\/250\/revisions"}],"predecessor-version":[{"id":375,"href":"https:\/\/projetoartepara.com.br\/index.php?rest_route=\/wp\/v2\/pages\/250\/revisions\/375"}],"wp:attachment":[{"href":"https:\/\/projetoartepara.com.br\/index.php?rest_route=%2Fwp%2Fv2%2Fmedia&parent=250"}],"curies":[{"name":"wp","href":"https:\/\/api.w.org\/{rel}","templated":true}]}}